{"id":1387,"date":"2023-04-20T19:13:56","date_gmt":"2023-04-20T19:13:56","guid":{"rendered":"https:\/\/antarespolimericos.com\/?page_id=1387"},"modified":"2023-08-10T16:27:18","modified_gmt":"2023-08-10T16:27:18","slug":"productos","status":"publish","type":"page","link":"https:\/\/antarespolimericos.com\/en\/productos\/","title":{"rendered":"Products"},"content":{"rendered":"\t\t<div data-elementor-type=\"wp-page\" data-elementor-id=\"1387\" class=\"elementor elementor-1387\" data-elementor-settings=\"{&quot;ha_cmc_init_switcher&quot;:&quot;no&quot;}\" data-elementor-post-type=\"page\">\n\t\t\t\t\t\t<section class=\"elementor-section elementor-top-section elementor-element elementor-element-cfe1ebb elementor-section-boxed elementor-section-height-default elementor-section-height-default\" data-id=\"cfe1ebb\" data-element_type=\"section\" data-e-type=\"section\" data-settings=\"{&quot;background_background&quot;:&quot;slideshow&quot;,&quot;background_slideshow_gallery&quot;:[{&quot;id&quot;:1400,&quot;url&quot;:&quot;https:\\\/\\\/antarespolimericos.com\\\/wp-content\\\/uploads\\\/Remodelacion-Centro-Historico-3.jpg&quot;},{&quot;id&quot;:1396,&quot;url&quot;:&quot;https:\\\/\\\/antarespolimericos.com\\\/wp-content\\\/uploads\\\/Remodelacion-Av.-Presidente-Masaryk.-2.jpg&quot;},{&quot;id&quot;:1395,&quot;url&quot;:&quot;https:\\\/\\\/antarespolimericos.com\\\/wp-content\\\/uploads\\\/Remodelacion-Av.-Presidente-Masaryk.-1.jpg&quot;}],&quot;background_slideshow_ken_burns&quot;:&quot;yes&quot;,&quot;background_slideshow_loop&quot;:&quot;yes&quot;,&quot;background_slideshow_slide_duration&quot;:5000,&quot;background_slideshow_slide_transition&quot;:&quot;fade&quot;,&quot;background_slideshow_transition_duration&quot;:500,&quot;background_slideshow_ken_burns_zoom_direction&quot;:&quot;in&quot;,&quot;_ha_eqh_enable&quot;:false}\">\n\t\t\t\t\t\t\t<div class=\"elementor-background-overlay\"><\/div>\n\t\t\t\t\t\t\t<div class=\"elementor-container elementor-column-gap-default\">\n\t\t\t\t\t<div class=\"elementor-column elementor-col-100 elementor-top-column elementor-element elementor-element-d1bd834\" data-id=\"d1bd834\" data-element_type=\"column\" data-e-type=\"column\">\n\t\t\t<div class=\"elementor-widget-wrap elementor-element-populated\">\n\t\t\t\t\t\t<div class=\"elementor-element elementor-element-20bbb47 elementor-invisible elementor-widget elementor-widget-heading\" data-id=\"20bbb47\" data-element_type=\"widget\" data-e-type=\"widget\" data-settings=\"{&quot;_animation&quot;:&quot;fadeIn&quot;,&quot;_animation_delay&quot;:200}\" data-widget_type=\"heading.default\">\n\t\t\t\t<div class=\"elementor-widget-container\">\n\t\t\t\t\t<h1 class=\"elementor-heading-title elementor-size-default\">Productos<\/h1>\t\t\t\t<\/div>\n\t\t\t\t<\/div>\n\t\t\t\t\t<\/div>\n\t\t<\/div>\n\t\t\t\t\t<\/div>\n\t\t<\/section>\n\t\t\t\t<section class=\"elementor-section elementor-top-section elementor-element elementor-element-f8ff60b elementor-section-boxed elementor-section-height-default elementor-section-height-default\" data-id=\"f8ff60b\" data-element_type=\"section\" data-e-type=\"section\" data-settings=\"{&quot;background_background&quot;:&quot;classic&quot;,&quot;_ha_eqh_enable&quot;:false}\">\n\t\t\t\t\t\t<div class=\"elementor-container elementor-column-gap-default\">\n\t\t\t\t\t<div class=\"elementor-column elementor-col-100 elementor-top-column elementor-element elementor-element-7214981\" data-id=\"7214981\" data-element_type=\"column\" data-e-type=\"column\">\n\t\t\t<div class=\"elementor-widget-wrap elementor-element-populated\">\n\t\t\t\t\t\t<div class=\"elementor-element elementor-element-d86592a elementor-widget elementor-widget-ha-navigation-menu happy-addon ha-navigation-menu\" data-id=\"d86592a\" data-element_type=\"widget\" data-e-type=\"widget\" data-widget_type=\"ha-navigation-menu.default\">\n\t\t\t\t<div class=\"elementor-widget-container\">\n\t\t\t\t\t<nav class=\"ha-nav-menu ha-navigation-menu-wrapper\"><div class=\"menu-productos-container\">\t\t\t\t<div class=\"ha-nav-humberger-wrapper\">\n\t\t\t\t\t<span class=\"ha-menu-open-icon ha-menu-toggler\" data-humberger=\"open\"><i aria-hidden=\"true\" class=\"icon icon-menu-11\"><\/i><\/span>\n\t\t\t\t\t<span class=\"ha-menu-close-icon ha-menu-toggler hide-icon\" data-humberger=\"close\"><i aria-hidden=\"true\" class=\"far fa-window-close\"><\/i><\/span>\n\t\t\t\t<\/div>\n\t\t\t<ul id=\"menu-productos\" class=\"menu\"><li id=\"menu-item-2450\" class=\"menu-item menu-item-type-taxonomy menu-item-object-category\"><a href=\"https:\/\/antarespolimericos.com\/en\/category\/telecomunicaciones\/\"><span class=\"menu-item-title\">Telecomunicaciones<\/span><\/a><\/li>\n<li id=\"menu-item-2448\" class=\"menu-item menu-item-type-taxonomy menu-item-object-category\"><a href=\"https:\/\/antarespolimericos.com\/en\/category\/electrico\/\"><span class=\"menu-item-title\">El\u00e9ctrico<\/span><\/a><\/li>\n<li id=\"menu-item-2451\" class=\"menu-item menu-item-type-taxonomy menu-item-object-category\"><a href=\"https:\/\/antarespolimericos.com\/en\/category\/urbanismo\/\"><span class=\"menu-item-title\">Urbanismo<\/span><\/a><\/li>\n<li id=\"menu-item-2449\" class=\"menu-item menu-item-type-taxonomy menu-item-object-category\"><a href=\"https:\/\/antarespolimericos.com\/en\/category\/hidrauilico\/\"><span class=\"menu-item-title\">Hidr\u00e1uilico<\/span><\/a><\/li>\n<\/ul><\/div><\/nav>\t\t\t\t<\/div>\n\t\t\t\t<\/div>\n\t\t\t\t<div class=\"elementor-element elementor-element-cf13660 elementor-grid-eael-col-3 elementor-grid-tablet-eael-col-2 elementor-grid-mobile-eael-col-1 elementor-widget elementor-widget-eael-post-grid\" data-id=\"cf13660\" data-element_type=\"widget\" data-e-type=\"widget\" data-settings=\"{&quot;eael_post_grid_columns&quot;:&quot;eael-col-3&quot;,&quot;eael_post_grid_columns_tablet&quot;:&quot;eael-col-2&quot;,&quot;eael_post_grid_columns_mobile&quot;:&quot;eael-col-1&quot;}\" data-widget_type=\"eael-post-grid.default\">\n\t\t\t\t<div class=\"elementor-widget-container\">\n\t\t\t\t\t<div id=\"eael-post-grid-cf13660\" class=\"eael-post-grid-container\">\n            <div class=\"eael-post-grid eael-post-appender eael-post-appender-cf13660 eael-post-grid-style-one\" data-layout-mode=\"grid\"><article class=\"eael-grid-post  eael-post-grid-column eael-pg-post-1723 category-fibra-optica-telecomunicaciones tags-fibra-optica-telecomunicaciones\" data-id=\"1723\">\n        <div class=\"eael-grid-post-holder\">\n            <div class=\"eael-grid-post-holder-inner\"><div class=\"eael-entry-media\"><div class=\"eael-entry-overlay slide-up\"><i class=\"\" aria-hidden=\"true\"><\/i><a href=\"https:\/\/antarespolimericos.com\/en\/registro-carretero-115cm-x-115cm-x-100cm-para-fibra-optica-2-tapas-norma-sct\/\"><\/a><\/div><div class=\"eael-entry-thumbnail eael-image-ratio\">\n                <img fetchpriority=\"high\" decoding=\"async\" width=\"1080\" height=\"1080\" src=\"https:\/\/antarespolimericos.com\/wp-content\/uploads\/TE11511515TN0000-1-1.png\" class=\"attachment-full size-full wp-image-1756\" alt=\"\" srcset=\"https:\/\/antarespolimericos.com\/wp-content\/uploads\/TE11511515TN0000-1-1.png 1080w, https:\/\/antarespolimericos.com\/wp-content\/uploads\/TE11511515TN0000-1-1-300x300.png 300w, https:\/\/antarespolimericos.com\/wp-content\/uploads\/TE11511515TN0000-1-1-1024x1024.png 1024w, https:\/\/antarespolimericos.com\/wp-content\/uploads\/TE11511515TN0000-1-1-150x150.png 150w, https:\/\/antarespolimericos.com\/wp-content\/uploads\/TE11511515TN0000-1-1-768x768.png 768w\" sizes=\"(max-width: 1080px) 100vw, 1080px\" \/>\n            <\/div>\n        <\/div><div class=\"eael-entry-wrapper\"><header class=\"eael-entry-header\"><h3 class=\"eael-entry-title\"><a class=\"eael-grid-post-link\" href=\"https:\/\/antarespolimericos.com\/en\/registro-carretero-115cm-x-115cm-x-100cm-para-fibra-optica-2-tapas-norma-sct\/\" title=\"Registro Carretero (115cm x 115cm x 100cm) para Fibra \u00d3ptica 2 Tapas Norma SCT\">Registro Carretero (115cm x 115cm<\/a><\/h3><\/header><div class=\"eael-entry-content\">\n                        <div class=\"eael-grid-post-excerpt\"><p>Fibra \u00d3ptica<\/p><a href=\"https:\/\/antarespolimericos.com\/en\/registro-carretero-115cm-x-115cm-x-100cm-para-fibra-optica-2-tapas-norma-sct\/\" class=\"eael-post-elements-readmore-btn\"target=\"_blank\">Ver M\u00e1s<\/a><\/div>\n                    <\/div><\/div><\/div>\n        <\/div>\n    <\/article><article class=\"eael-grid-post  eael-post-grid-column eael-pg-post-1779 category-fibra-optica-telecomunicaciones tags-fibra-optica-telecomunicaciones\" data-id=\"1779\">\n        <div class=\"eael-grid-post-holder\">\n            <div class=\"eael-grid-post-holder-inner\"><div class=\"eael-entry-media\"><div class=\"eael-entry-overlay slide-up\"><i class=\"\" aria-hidden=\"true\"><\/i><a href=\"https:\/\/antarespolimericos.com\/en\/registro-manhole-121cm-x-121cm-x-121cm-4x-4x-4-con-brocal-y-tapa-en-concreto-polimerico\/\"><\/a><\/div><div class=\"eael-entry-thumbnail eael-image-ratio\">\n                <img decoding=\"async\" width=\"1080\" height=\"1080\" src=\"https:\/\/antarespolimericos.com\/wp-content\/uploads\/Registro-Manhole-121cm-x-121cm-x-121cm_-4_x-4_x-4_-con-Brocal-y-Tapa-en-Concreto-Polimerico.png.png\" class=\"attachment-full size-full wp-image-1464\" alt=\"\" srcset=\"https:\/\/antarespolimericos.com\/wp-content\/uploads\/Registro-Manhole-121cm-x-121cm-x-121cm_-4_x-4_x-4_-con-Brocal-y-Tapa-en-Concreto-Polimerico.png.png 1080w, https:\/\/antarespolimericos.com\/wp-content\/uploads\/Registro-Manhole-121cm-x-121cm-x-121cm_-4_x-4_x-4_-con-Brocal-y-Tapa-en-Concreto-Polimerico.png-300x300.png 300w, https:\/\/antarespolimericos.com\/wp-content\/uploads\/Registro-Manhole-121cm-x-121cm-x-121cm_-4_x-4_x-4_-con-Brocal-y-Tapa-en-Concreto-Polimerico.png-1024x1024.png 1024w, https:\/\/antarespolimericos.com\/wp-content\/uploads\/Registro-Manhole-121cm-x-121cm-x-121cm_-4_x-4_x-4_-con-Brocal-y-Tapa-en-Concreto-Polimerico.png-150x150.png 150w, https:\/\/antarespolimericos.com\/wp-content\/uploads\/Registro-Manhole-121cm-x-121cm-x-121cm_-4_x-4_x-4_-con-Brocal-y-Tapa-en-Concreto-Polimerico.png-768x768.png 768w\" sizes=\"(max-width: 1080px) 100vw, 1080px\" \/>\n            <\/div>\n        <\/div><div class=\"eael-entry-wrapper\"><header class=\"eael-entry-header\"><h3 class=\"eael-entry-title\"><a class=\"eael-grid-post-link\" href=\"https:\/\/antarespolimericos.com\/en\/registro-manhole-121cm-x-121cm-x-121cm-4x-4x-4-con-brocal-y-tapa-en-concreto-polimerico\/\" title=\"Registro Manhole con Brocal y Tapa de Concreto Polim\u00e9rico\">Registro Manhole con Brocal y<\/a><\/h3><\/header><div class=\"eael-entry-content\">\n                        <div class=\"eael-grid-post-excerpt\"><p>Fibra \u00d3ptica<\/p><a href=\"https:\/\/antarespolimericos.com\/en\/registro-manhole-121cm-x-121cm-x-121cm-4x-4x-4-con-brocal-y-tapa-en-concreto-polimerico\/\" class=\"eael-post-elements-readmore-btn\"target=\"_blank\">Ver M\u00e1s<\/a><\/div>\n                    <\/div><\/div><\/div>\n        <\/div>\n    <\/article><article class=\"eael-grid-post  eael-post-grid-column eael-pg-post-1946 category-baja-tension-electrico tags-baja-tension-electrico\" data-id=\"1946\">\n        <div class=\"eael-grid-post-holder\">\n            <div class=\"eael-grid-post-holder-inner\"><div class=\"eael-entry-media\"><div class=\"eael-entry-overlay slide-up\"><i class=\"\" aria-hidden=\"true\"><\/i><a href=\"https:\/\/antarespolimericos.com\/en\/registro-baja-tension-arroyo-rbta2-98-7cmx65-00cm-reforzado-15t\/\"><\/a><\/div><div class=\"eael-entry-thumbnail eael-image-ratio\">\n                <img decoding=\"async\" width=\"743\" height=\"600\" src=\"https:\/\/antarespolimericos.com\/wp-content\/uploads\/ELRBTA0205TN0000.png\" class=\"attachment-full size-full wp-image-1948\" alt=\"\" srcset=\"https:\/\/antarespolimericos.com\/wp-content\/uploads\/ELRBTA0205TN0000.png 743w, https:\/\/antarespolimericos.com\/wp-content\/uploads\/ELRBTA0205TN0000-300x242.png 300w\" sizes=\"(max-width: 743px) 100vw, 743px\" \/>\n            <\/div>\n        <\/div><div class=\"eael-entry-wrapper\"><header class=\"eael-entry-header\"><h3 class=\"eael-entry-title\"><a class=\"eael-grid-post-link\" href=\"https:\/\/antarespolimericos.com\/en\/registro-baja-tension-arroyo-rbta2-98-7cmx65-00cm-reforzado-15t\/\" title=\"Registro Baja Tensi\u00f3n Arroyo RBTA2 (98.7cmx65.00cm) Reforzado 15T\">Registro Baja Tensi\u00f3n Arroyo RBTA2<\/a><\/h3><\/header><div class=\"eael-entry-content\">\n                        <div class=\"eael-grid-post-excerpt\"><p>Tierras f\u00edsicas<\/p><a href=\"https:\/\/antarespolimericos.com\/en\/registro-baja-tension-arroyo-rbta2-98-7cmx65-00cm-reforzado-15t\/\" class=\"eael-post-elements-readmore-btn\"target=\"_blank\">Ver M\u00e1s<\/a><\/div>\n                    <\/div><\/div><\/div>\n        <\/div>\n    <\/article><article class=\"eael-grid-post  eael-post-grid-column eael-pg-post-1885 category-electrico-media-tension tags-electrico-media-tension\" data-id=\"1885\">\n        <div class=\"eael-grid-post-holder\">\n            <div class=\"eael-grid-post-holder-inner\"><div class=\"eael-entry-media\"><div class=\"eael-entry-overlay slide-up\"><i class=\"\" aria-hidden=\"true\"><\/i><a href=\"https:\/\/antarespolimericos.com\/en\/aro-y-tapa-84b-con-bisagra-3t\/\"><\/a><\/div><div class=\"eael-entry-thumbnail eael-image-ratio\">\n                <img loading=\"lazy\" decoding=\"async\" width=\"800\" height=\"533\" src=\"https:\/\/antarespolimericos.com\/wp-content\/uploads\/ELAYT84BCBIN0000.png\" class=\"attachment-full size-full wp-image-1888\" alt=\"\" srcset=\"https:\/\/antarespolimericos.com\/wp-content\/uploads\/ELAYT84BCBIN0000.png 800w, https:\/\/antarespolimericos.com\/wp-content\/uploads\/ELAYT84BCBIN0000-300x200.png 300w, https:\/\/antarespolimericos.com\/wp-content\/uploads\/ELAYT84BCBIN0000-768x512.png 768w\" sizes=\"(max-width: 800px) 100vw, 800px\" \/>\n            <\/div>\n        <\/div><div class=\"eael-entry-wrapper\"><header class=\"eael-entry-header\"><h3 class=\"eael-entry-title\"><a class=\"eael-grid-post-link\" href=\"https:\/\/antarespolimericos.com\/en\/aro-y-tapa-84b-con-bisagra-3t\/\" title=\"Aro y tapa 84B con bisagra 3T\">Aro y tapa 84B con<\/a><\/h3><\/header><div class=\"eael-entry-content\">\n                        <div class=\"eael-grid-post-excerpt\"><p>Tierras f\u00edsicas<\/p><a href=\"https:\/\/antarespolimericos.com\/en\/aro-y-tapa-84b-con-bisagra-3t\/\" class=\"eael-post-elements-readmore-btn\"target=\"_blank\">Ver M\u00e1s<\/a><\/div>\n                    <\/div><\/div><\/div>\n        <\/div>\n    <\/article><article class=\"eael-grid-post  eael-post-grid-column eael-pg-post-1892 category-electrico-media-tension tags-electrico-media-tension\" data-id=\"1892\">\n        <div class=\"eael-grid-post-holder\">\n            <div class=\"eael-grid-post-holder-inner\"><div class=\"eael-entry-media\"><div class=\"eael-entry-overlay slide-up\"><i class=\"\" aria-hidden=\"true\"><\/i><a href=\"https:\/\/antarespolimericos.com\/en\/aro-y-tapa-84b-con-tornillo-3t\/\"><\/a><\/div><div class=\"eael-entry-thumbnail eael-image-ratio\">\n                <img loading=\"lazy\" decoding=\"async\" width=\"800\" height=\"506\" src=\"https:\/\/antarespolimericos.com\/wp-content\/uploads\/ELAYT84BCT0N0000.png\" class=\"attachment-full size-full wp-image-1895\" alt=\"\" srcset=\"https:\/\/antarespolimericos.com\/wp-content\/uploads\/ELAYT84BCT0N0000.png 800w, https:\/\/antarespolimericos.com\/wp-content\/uploads\/ELAYT84BCT0N0000-300x190.png 300w, https:\/\/antarespolimericos.com\/wp-content\/uploads\/ELAYT84BCT0N0000-768x486.png 768w\" sizes=\"(max-width: 800px) 100vw, 800px\" \/>\n            <\/div>\n        <\/div><div class=\"eael-entry-wrapper\"><header class=\"eael-entry-header\"><h3 class=\"eael-entry-title\"><a class=\"eael-grid-post-link\" href=\"https:\/\/antarespolimericos.com\/en\/aro-y-tapa-84b-con-tornillo-3t\/\" title=\"Aro y tapa 84B con tornillo  3T\">Aro y tapa 84B con<\/a><\/h3><\/header><div class=\"eael-entry-content\">\n                        <div class=\"eael-grid-post-excerpt\"><p>Tierras f\u00edsicas<\/p><a href=\"https:\/\/antarespolimericos.com\/en\/aro-y-tapa-84b-con-tornillo-3t\/\" class=\"eael-post-elements-readmore-btn\"target=\"_blank\">Ver M\u00e1s<\/a><\/div>\n                    <\/div><\/div><\/div>\n        <\/div>\n    <\/article><article class=\"eael-grid-post  eael-post-grid-column eael-pg-post-2154 category-electrico-tierras-fisicas tags-electrico-tierras-fisicas\" data-id=\"2154\">\n        <div class=\"eael-grid-post-holder\">\n            <div class=\"eael-grid-post-holder-inner\"><div class=\"eael-entry-media\"><div class=\"eael-entry-overlay slide-up\"><i class=\"\" aria-hidden=\"true\"><\/i><a href=\"https:\/\/antarespolimericos.com\/en\/alumbrado-publico-12x-12x-12-cuerpo-fv-38cm-x-38cm-x-38cm-3t\/\"><\/a><\/div><div class=\"eael-entry-thumbnail eael-image-ratio\">\n                <img loading=\"lazy\" decoding=\"async\" width=\"1080\" height=\"1080\" src=\"https:\/\/antarespolimericos.com\/wp-content\/uploads\/Alumbrado-Publico-12-x12_-x24_-cuerpo-FV-38cmx38cmx60cm-3T.png\" class=\"attachment-full size-full wp-image-1416\" alt=\"\" srcset=\"https:\/\/antarespolimericos.com\/wp-content\/uploads\/Alumbrado-Publico-12-x12_-x24_-cuerpo-FV-38cmx38cmx60cm-3T.png 1080w, https:\/\/antarespolimericos.com\/wp-content\/uploads\/Alumbrado-Publico-12-x12_-x24_-cuerpo-FV-38cmx38cmx60cm-3T-300x300.png 300w, https:\/\/antarespolimericos.com\/wp-content\/uploads\/Alumbrado-Publico-12-x12_-x24_-cuerpo-FV-38cmx38cmx60cm-3T-1024x1024.png 1024w, https:\/\/antarespolimericos.com\/wp-content\/uploads\/Alumbrado-Publico-12-x12_-x24_-cuerpo-FV-38cmx38cmx60cm-3T-150x150.png 150w, https:\/\/antarespolimericos.com\/wp-content\/uploads\/Alumbrado-Publico-12-x12_-x24_-cuerpo-FV-38cmx38cmx60cm-3T-768x768.png 768w\" sizes=\"(max-width: 1080px) 100vw, 1080px\" \/>\n            <\/div>\n        <\/div><div class=\"eael-entry-wrapper\"><header class=\"eael-entry-header\"><h3 class=\"eael-entry-title\"><a class=\"eael-grid-post-link\" href=\"https:\/\/antarespolimericos.com\/en\/alumbrado-publico-12x-12x-12-cuerpo-fv-38cm-x-38cm-x-38cm-3t\/\" title=\"Alumbrado P\u00fablico 12&#8243;x 12&#8243;x 12&#8243; cuerpo FV (38cm x 38cm x 38cm) 3T\">Alumbrado P\u00fablico 12&#8243;x 12&#8243;x 12&#8243;<\/a><\/h3><\/header><div class=\"eael-entry-content\">\n                        <div class=\"eael-grid-post-excerpt\"><p>Tierras f\u00edsicas<\/p><a href=\"https:\/\/antarespolimericos.com\/en\/alumbrado-publico-12x-12x-12-cuerpo-fv-38cm-x-38cm-x-38cm-3t\/\" class=\"eael-post-elements-readmore-btn\"target=\"_blank\">Ver M\u00e1s<\/a><\/div>\n                    <\/div><\/div><\/div>\n        <\/div>\n    <\/article><\/div>\n            <div class=\"clearfix\"><\/div>\n        <\/div>            <div class=\"eael-load-more-button-wrap\">\n                <button class=\"eael-load-more-button\" id=\"eael-load-more-btn-cf13660\" data-widget-id=\"cf13660\" data-widget=\"cf13660\" data-page-id=\"1387\" data-template=\"{&quot;dir&quot;:&quot;lite&quot;,&quot;file_name&quot;:&quot;one.php&quot;,&quot;name&quot;:&quot;Post-Grid&quot;}\" data-class=\"Essential_Addons_Elementor\\Elements\\Post_Grid\" data-layout=\"grid\" data-page=\"1\" data-args=\"orderby=rand&amp;order=desc&amp;ignore_sticky_posts=1&amp;post_status=publish&amp;posts_per_page=6&amp;offset=0&amp;post_type=post\" data-max-page=\"11\">\n                    <span class=\"eael-btn-loader button__loader\"><\/span>\n                    <span class=\"eael_load_more_text\">Cargar m\u00e1s<\/span>\n                <\/button>\n            <\/div>\n            \t\t\t\t<\/div>\n\t\t\t\t<\/div>\n\t\t\t\t\t<\/div>\n\t\t<\/div>\n\t\t\t\t\t<\/div>\n\t\t<\/section>\n\t\t\t\t<\/div>\n\t\t","protected":false},"excerpt":{"rendered":"<p>Telecomunicaciones El\u00e9ctrico Urbanismo Hidr\u00e1uilico Aro y tapa 84A con Tierras f\u00edsicas Ver M\u00e1s Tope de Estacionamiento (57cm x Telecomunicaciones Ver M\u00e1s Registro Media Tensi\u00f3n Peatonal RMTB4 Tierras f\u00edsicas Ver M\u00e1s Guia T\u00e1ctil G20 Cambio de Telecomunicaciones Ver M\u00e1s Registro Baja Tensi\u00f3n Banqueta RBTB1 Tierras f\u00edsicas Ver M\u00e1s Aro y tapa 84B con Tierras f\u00edsicas Ver [&hellip;]<\/p>\n","protected":false},"author":1,"featured_media":0,"parent":0,"menu_order":0,"comment_status":"closed","ping_status":"closed","template":"","meta":{"om_disable_all_campaigns":false,"_monsterinsights_skip_tracking":false,"_monsterinsights_sitenote_active":false,"_monsterinsights_sitenote_note":"","_monsterinsights_sitenote_category":0,"_uf_show_specific_survey":0,"_uf_disable_surveys":false,"footnotes":""},"class_list":["post-1387","page","type-page","status-publish","hentry"],"aioseo_notices":[],"_links":{"self":[{"href":"https:\/\/antarespolimericos.com\/en\/wp-json\/wp\/v2\/pages\/1387","targetHints":{"allow":["GET"]}}],"collection":[{"href":"https:\/\/antarespolimericos.com\/en\/wp-json\/wp\/v2\/pages"}],"about":[{"href":"https:\/\/antarespolimericos.com\/en\/wp-json\/wp\/v2\/types\/page"}],"author":[{"embeddable":true,"href":"https:\/\/antarespolimericos.com\/en\/wp-json\/wp\/v2\/users\/1"}],"replies":[{"embeddable":true,"href":"https:\/\/antarespolimericos.com\/en\/wp-json\/wp\/v2\/comments?post=1387"}],"version-history":[{"count":121,"href":"https:\/\/antarespolimericos.com\/en\/wp-json\/wp\/v2\/pages\/1387\/revisions"}],"predecessor-version":[{"id":2699,"href":"https:\/\/antarespolimericos.com\/en\/wp-json\/wp\/v2\/pages\/1387\/revisions\/2699"}],"wp:attachment":[{"href":"https:\/\/antarespolimericos.com\/en\/wp-json\/wp\/v2\/media?parent=1387"}],"curies":[{"name":"wp","href":"https:\/\/api.w.org\/{rel}","templated":true}]}}