{"id":2733,"date":"2023-08-18T17:42:39","date_gmt":"2023-08-18T17:42:39","guid":{"rendered":"https:\/\/antarespolimericos.com\/?page_id=2733"},"modified":"2023-09-11T22:48:14","modified_gmt":"2023-09-11T22:48:14","slug":"centro-historico-cdmx","status":"publish","type":"page","link":"https:\/\/antarespolimericos.com\/en\/centro-historico-cdmx\/","title":{"rendered":"Remodelaci\u00f3n Centro Hist\u00f3rico Etapa 1, CDMX"},"content":{"rendered":"\t\t<div data-elementor-type=\"wp-page\" data-elementor-id=\"2733\" class=\"elementor elementor-2733\" data-elementor-settings=\"{&quot;ha_cmc_init_switcher&quot;:&quot;no&quot;}\" data-elementor-post-type=\"page\">\n\t\t\t\t\t\t<section class=\"elementor-section elementor-top-section elementor-element elementor-element-cfe1ebb elementor-section-boxed elementor-section-height-default elementor-section-height-default\" data-id=\"cfe1ebb\" data-element_type=\"section\" data-e-type=\"section\" data-settings=\"{&quot;background_background&quot;:&quot;slideshow&quot;,&quot;background_slideshow_gallery&quot;:[{&quot;id&quot;:1400,&quot;url&quot;:&quot;https:\\\/\\\/antarespolimericos.com\\\/wp-content\\\/uploads\\\/Remodelacion-Centro-Historico-3.jpg&quot;},{&quot;id&quot;:1396,&quot;url&quot;:&quot;https:\\\/\\\/antarespolimericos.com\\\/wp-content\\\/uploads\\\/Remodelacion-Av.-Presidente-Masaryk.-2.jpg&quot;},{&quot;id&quot;:1395,&quot;url&quot;:&quot;https:\\\/\\\/antarespolimericos.com\\\/wp-content\\\/uploads\\\/Remodelacion-Av.-Presidente-Masaryk.-1.jpg&quot;}],&quot;background_slideshow_ken_burns&quot;:&quot;yes&quot;,&quot;background_slideshow_loop&quot;:&quot;yes&quot;,&quot;background_slideshow_slide_duration&quot;:5000,&quot;background_slideshow_slide_transition&quot;:&quot;fade&quot;,&quot;background_slideshow_transition_duration&quot;:500,&quot;background_slideshow_ken_burns_zoom_direction&quot;:&quot;in&quot;,&quot;_ha_eqh_enable&quot;:false}\">\n\t\t\t\t\t\t\t<div class=\"elementor-background-overlay\"><\/div>\n\t\t\t\t\t\t\t<div class=\"elementor-container elementor-column-gap-default\">\n\t\t\t\t\t<div class=\"elementor-column elementor-col-100 elementor-top-column elementor-element elementor-element-d1bd834\" data-id=\"d1bd834\" data-element_type=\"column\" data-e-type=\"column\">\n\t\t\t<div class=\"elementor-widget-wrap elementor-element-populated\">\n\t\t\t\t\t\t<div class=\"elementor-element elementor-element-20bbb47 elementor-invisible elementor-widget elementor-widget-heading\" data-id=\"20bbb47\" data-element_type=\"widget\" data-e-type=\"widget\" data-settings=\"{&quot;_animation&quot;:&quot;fadeIn&quot;,&quot;_animation_delay&quot;:200}\" data-widget_type=\"heading.default\">\n\t\t\t\t<div class=\"elementor-widget-container\">\n\t\t\t\t\t<h1 class=\"elementor-heading-title elementor-size-default\">Remodelaci\u00f3n Centro Hist\u00f3rico Etapa 1, CDMX<\/h1>\t\t\t\t<\/div>\n\t\t\t\t<\/div>\n\t\t\t\t<div class=\"elementor-element elementor-element-e9e6db9 elementor-widget elementor-widget-text-editor\" data-id=\"e9e6db9\" data-element_type=\"widget\" data-e-type=\"widget\" data-widget_type=\"text-editor.default\">\n\t\t\t\t<div class=\"elementor-widget-container\">\n\t\t\t\t\t\t\t\t\t<p style=\"color: white; font-size: 32px;\">Tapas para B\u00f3veda en Concreto Polim\u00e9rico<\/p>\t\t\t\t\t\t\t\t<\/div>\n\t\t\t\t<\/div>\n\t\t\t\t<div class=\"elementor-element elementor-element-be04e23 elementor-align-right elementor-widget elementor-widget-button\" data-id=\"be04e23\" data-element_type=\"widget\" data-e-type=\"widget\" data-widget_type=\"button.default\">\n\t\t\t\t<div class=\"elementor-widget-container\">\n\t\t\t\t\t\t\t\t\t<div class=\"elementor-button-wrapper\">\n\t\t\t\t\t<a class=\"elementor-button elementor-button-link elementor-size-sm elementor-animation-grow\" href=\"https:\/\/antarespolimericos.com\/#proyectosZone\">\n\t\t\t\t\t\t<span class=\"elementor-button-content-wrapper\">\n\t\t\t\t\t\t<span class=\"elementor-button-icon\">\n\t\t\t\t<i aria-hidden=\"true\" class=\"fas fa-caret-left\"><\/i>\t\t\t<\/span>\n\t\t\t\t\t\t\t\t\t<span class=\"elementor-button-text\">Volver a proyectos<\/span>\n\t\t\t\t\t<\/span>\n\t\t\t\t\t<\/a>\n\t\t\t\t<\/div>\n\t\t\t\t\t\t\t\t<\/div>\n\t\t\t\t<\/div>\n\t\t\t\t\t<\/div>\n\t\t<\/div>\n\t\t\t\t\t<\/div>\n\t\t<\/section>\n\t\t\t\t<section class=\"elementor-section elementor-top-section elementor-element elementor-element-f8ff60b elementor-section-boxed elementor-section-height-default elementor-section-height-default\" data-id=\"f8ff60b\" data-element_type=\"section\" data-e-type=\"section\" data-settings=\"{&quot;background_background&quot;:&quot;classic&quot;,&quot;_ha_eqh_enable&quot;:false}\">\n\t\t\t\t\t\t<div class=\"elementor-container elementor-column-gap-default\">\n\t\t\t\t\t<div class=\"elementor-column elementor-col-100 elementor-top-column elementor-element elementor-element-7214981\" data-id=\"7214981\" data-element_type=\"column\" data-e-type=\"column\">\n\t\t\t<div class=\"elementor-widget-wrap elementor-element-populated\">\n\t\t\t\t\t\t<div class=\"elementor-element elementor-element-3502121 elementor-widget elementor-widget-text-editor\" data-id=\"3502121\" data-element_type=\"widget\" data-e-type=\"widget\" data-widget_type=\"text-editor.default\">\n\t\t\t\t<div class=\"elementor-widget-container\">\n\t\t\t\t\t\t\t\t\t<p><strong>Variedad:<\/strong> Tapas para B\u00f3veda a color y logotipo personalizado<\/p>\t\t\t\t\t\t\t\t<\/div>\n\t\t\t\t<\/div>\n\t\t\t\t<div class=\"elementor-element elementor-element-2042fb9 elementor-widget elementor-widget-text-editor\" data-id=\"2042fb9\" data-element_type=\"widget\" data-e-type=\"widget\" data-widget_type=\"text-editor.default\">\n\t\t\t\t<div class=\"elementor-widget-container\">\n\t\t\t\t\t\t\t\t\t<p><strong>Unidades:<\/strong> 2,600<\/p>\t\t\t\t\t\t\t\t<\/div>\n\t\t\t\t<\/div>\n\t\t\t\t<div class=\"elementor-element elementor-element-626c291 elementor-widget elementor-widget-text-editor\" data-id=\"626c291\" data-element_type=\"widget\" data-e-type=\"widget\" data-widget_type=\"text-editor.default\">\n\t\t\t\t<div class=\"elementor-widget-container\">\n\t\t\t\t\t\t\t\t\t<p><strong>A\u00f1o:<\/strong> 2014<\/p>\t\t\t\t\t\t\t\t<\/div>\n\t\t\t\t<\/div>\n\t\t\t\t<section class=\"elementor-section elementor-inner-section elementor-element elementor-element-e5e7d83 elementor-section-boxed elementor-section-height-default elementor-section-height-default\" data-id=\"e5e7d83\" data-element_type=\"section\" data-e-type=\"section\" data-settings=\"{&quot;_ha_eqh_enable&quot;:false}\">\n\t\t\t\t\t\t<div class=\"elementor-container elementor-column-gap-default\">\n\t\t\t\t\t<div class=\"elementor-column elementor-col-50 elementor-inner-column elementor-element elementor-element-8b5c79a\" data-id=\"8b5c79a\" data-element_type=\"column\" data-e-type=\"column\">\n\t\t\t<div class=\"elementor-widget-wrap elementor-element-populated\">\n\t\t\t\t\t\t<div class=\"elementor-element elementor-element-02c8add elementor-widget elementor-widget-image\" data-id=\"02c8add\" data-element_type=\"widget\" data-e-type=\"widget\" data-widget_type=\"image.default\">\n\t\t\t\t<div class=\"elementor-widget-container\">\n\t\t\t\t\t\t\t\t\t\t\t\t\t\t\t<img fetchpriority=\"high\" decoding=\"async\" width=\"800\" height=\"600\" src=\"https:\/\/antarespolimericos.com\/wp-content\/uploads\/Remodelacion-Centro-Historico-4.jpg\" class=\"attachment-large size-large wp-image-1401\" alt=\"\" srcset=\"https:\/\/antarespolimericos.com\/wp-content\/uploads\/Remodelacion-Centro-Historico-4.jpg 1024w, https:\/\/antarespolimericos.com\/wp-content\/uploads\/Remodelacion-Centro-Historico-4-300x225.jpg 300w, https:\/\/antarespolimericos.com\/wp-content\/uploads\/Remodelacion-Centro-Historico-4-768x576.jpg 768w\" sizes=\"(max-width: 800px) 100vw, 800px\" \/>\t\t\t\t\t\t\t\t\t\t\t\t\t\t\t<\/div>\n\t\t\t\t<\/div>\n\t\t\t\t\t<\/div>\n\t\t<\/div>\n\t\t\t\t<div class=\"elementor-column elementor-col-50 elementor-inner-column elementor-element elementor-element-c829078\" data-id=\"c829078\" data-element_type=\"column\" data-e-type=\"column\">\n\t\t\t<div class=\"elementor-widget-wrap elementor-element-populated\">\n\t\t\t\t\t\t<div class=\"elementor-element elementor-element-88ca35c elementor-widget elementor-widget-image\" data-id=\"88ca35c\" data-element_type=\"widget\" data-e-type=\"widget\" data-widget_type=\"image.default\">\n\t\t\t\t<div class=\"elementor-widget-container\">\n\t\t\t\t\t\t\t\t\t\t\t\t\t\t\t<img decoding=\"async\" width=\"800\" height=\"600\" src=\"https:\/\/antarespolimericos.com\/wp-content\/uploads\/Remodelacion-Centro-Historico-3.jpg\" class=\"attachment-large size-large wp-image-1400\" alt=\"\" srcset=\"https:\/\/antarespolimericos.com\/wp-content\/uploads\/Remodelacion-Centro-Historico-3.jpg 1024w, https:\/\/antarespolimericos.com\/wp-content\/uploads\/Remodelacion-Centro-Historico-3-300x225.jpg 300w, https:\/\/antarespolimericos.com\/wp-content\/uploads\/Remodelacion-Centro-Historico-3-768x576.jpg 768w\" sizes=\"(max-width: 800px) 100vw, 800px\" \/>\t\t\t\t\t\t\t\t\t\t\t\t\t\t\t<\/div>\n\t\t\t\t<\/div>\n\t\t\t\t\t<\/div>\n\t\t<\/div>\n\t\t\t\t\t<\/div>\n\t\t<\/section>\n\t\t\t\t<section class=\"elementor-section elementor-inner-section elementor-element elementor-element-a2ecaef elementor-section-boxed elementor-section-height-default elementor-section-height-default\" data-id=\"a2ecaef\" data-element_type=\"section\" data-e-type=\"section\" data-settings=\"{&quot;_ha_eqh_enable&quot;:false}\">\n\t\t\t\t\t\t<div class=\"elementor-container elementor-column-gap-default\">\n\t\t\t\t\t<div class=\"elementor-column elementor-col-50 elementor-inner-column elementor-element elementor-element-4ab1c3b\" data-id=\"4ab1c3b\" data-element_type=\"column\" data-e-type=\"column\">\n\t\t\t<div class=\"elementor-widget-wrap elementor-element-populated\">\n\t\t\t\t\t\t<div class=\"elementor-element elementor-element-d580547 elementor-widget elementor-widget-image\" data-id=\"d580547\" data-element_type=\"widget\" data-e-type=\"widget\" data-widget_type=\"image.default\">\n\t\t\t\t<div class=\"elementor-widget-container\">\n\t\t\t\t\t\t\t\t\t\t\t\t\t\t\t<img decoding=\"async\" width=\"800\" height=\"600\" src=\"https:\/\/antarespolimericos.com\/wp-content\/uploads\/Remodelacion-Centro-Historico-2.jpg\" class=\"attachment-large size-large wp-image-1399\" alt=\"\" srcset=\"https:\/\/antarespolimericos.com\/wp-content\/uploads\/Remodelacion-Centro-Historico-2.jpg 1024w, https:\/\/antarespolimericos.com\/wp-content\/uploads\/Remodelacion-Centro-Historico-2-300x225.jpg 300w, https:\/\/antarespolimericos.com\/wp-content\/uploads\/Remodelacion-Centro-Historico-2-768x576.jpg 768w\" sizes=\"(max-width: 800px) 100vw, 800px\" \/>\t\t\t\t\t\t\t\t\t\t\t\t\t\t\t<\/div>\n\t\t\t\t<\/div>\n\t\t\t\t\t<\/div>\n\t\t<\/div>\n\t\t\t\t<div class=\"elementor-column elementor-col-50 elementor-inner-column elementor-element elementor-element-d0a4c89\" data-id=\"d0a4c89\" data-element_type=\"column\" data-e-type=\"column\">\n\t\t\t<div class=\"elementor-widget-wrap elementor-element-populated\">\n\t\t\t\t\t\t<div class=\"elementor-element elementor-element-92c1b9c elementor-widget elementor-widget-image\" data-id=\"92c1b9c\" data-element_type=\"widget\" data-e-type=\"widget\" data-widget_type=\"image.default\">\n\t\t\t\t<div class=\"elementor-widget-container\">\n\t\t\t\t\t\t\t\t\t\t\t\t\t\t\t<img loading=\"lazy\" decoding=\"async\" width=\"800\" height=\"600\" src=\"https:\/\/antarespolimericos.com\/wp-content\/uploads\/Remodelacion-Centro-Historico-1.jpg\" class=\"attachment-large size-large wp-image-1398\" alt=\"\" srcset=\"https:\/\/antarespolimericos.com\/wp-content\/uploads\/Remodelacion-Centro-Historico-1.jpg 1024w, https:\/\/antarespolimericos.com\/wp-content\/uploads\/Remodelacion-Centro-Historico-1-300x225.jpg 300w, https:\/\/antarespolimericos.com\/wp-content\/uploads\/Remodelacion-Centro-Historico-1-768x576.jpg 768w\" sizes=\"(max-width: 800px) 100vw, 800px\" \/>\t\t\t\t\t\t\t\t\t\t\t\t\t\t\t<\/div>\n\t\t\t\t<\/div>\n\t\t\t\t\t<\/div>\n\t\t<\/div>\n\t\t\t\t\t<\/div>\n\t\t<\/section>\n\t\t\t\t\t<\/div>\n\t\t<\/div>\n\t\t\t\t\t<\/div>\n\t\t<\/section>\n\t\t\t\t<\/div>\n\t\t","protected":false},"excerpt":{"rendered":"<p>Tapas para B\u00f3veda en Concreto Polim\u00e9rico Volver a proyectos Variedad: Tapas para B\u00f3veda a color y logotipo personalizado Unidades: 2,600 A\u00f1o: 2014<\/p>","protected":false},"author":1,"featured_media":0,"parent":0,"menu_order":0,"comment_status":"closed","ping_status":"closed","template":"","meta":{"om_disable_all_campaigns":false,"_monsterinsights_skip_tracking":false,"_monsterinsights_sitenote_active":false,"_monsterinsights_sitenote_note":"","_monsterinsights_sitenote_category":0,"_uf_show_specific_survey":0,"_uf_disable_surveys":false,"footnotes":""},"class_list":["post-2733","page","type-page","status-publish","hentry"],"aioseo_notices":[],"_links":{"self":[{"href":"https:\/\/antarespolimericos.com\/en\/wp-json\/wp\/v2\/pages\/2733","targetHints":{"allow":["GET"]}}],"collection":[{"href":"https:\/\/antarespolimericos.com\/en\/wp-json\/wp\/v2\/pages"}],"about":[{"href":"https:\/\/antarespolimericos.com\/en\/wp-json\/wp\/v2\/types\/page"}],"author":[{"embeddable":true,"href":"https:\/\/antarespolimericos.com\/en\/wp-json\/wp\/v2\/users\/1"}],"replies":[{"embeddable":true,"href":"https:\/\/antarespolimericos.com\/en\/wp-json\/wp\/v2\/comments?post=2733"}],"version-history":[{"count":56,"href":"https:\/\/antarespolimericos.com\/en\/wp-json\/wp\/v2\/pages\/2733\/revisions"}],"predecessor-version":[{"id":2954,"href":"https:\/\/antarespolimericos.com\/en\/wp-json\/wp\/v2\/pages\/2733\/revisions\/2954"}],"wp:attachment":[{"href":"https:\/\/antarespolimericos.com\/en\/wp-json\/wp\/v2\/media?parent=2733"}],"curies":[{"name":"wp","href":"https:\/\/api.w.org\/{rel}","templated":true}]}}