{"id":3066,"date":"2024-07-30T22:22:33","date_gmt":"2024-07-30T22:22:33","guid":{"rendered":"https:\/\/antarespolimericos.com\/?page_id=3066"},"modified":"2024-09-10T17:02:17","modified_gmt":"2024-09-10T17:02:17","slug":"tren-maya-ch","status":"publish","type":"page","link":"https:\/\/antarespolimericos.com\/en\/tren-maya-ch\/","title":{"rendered":"Maya Train Hydraulic Concrete"},"content":{"rendered":"\t\t<div data-elementor-type=\"wp-page\" data-elementor-id=\"3066\" class=\"elementor elementor-3066\" data-elementor-settings=\"{&quot;ha_cmc_init_switcher&quot;:&quot;no&quot;}\" data-elementor-post-type=\"page\">\n\t\t\t\t\t\t<section class=\"elementor-section elementor-top-section elementor-element elementor-element-cfe1ebb elementor-section-boxed elementor-section-height-default elementor-section-height-default\" data-id=\"cfe1ebb\" data-element_type=\"section\" data-e-type=\"section\" data-settings=\"{&quot;background_background&quot;:&quot;slideshow&quot;,&quot;background_slideshow_gallery&quot;:[{&quot;id&quot;:3103,&quot;url&quot;:&quot;https:\\\/\\\/antarespolimericos.com\\\/wp-content\\\/uploads\\\/IMG_2626-scaled.jpg&quot;}],&quot;background_slideshow_ken_burns&quot;:&quot;yes&quot;,&quot;background_slideshow_loop&quot;:&quot;yes&quot;,&quot;background_slideshow_slide_duration&quot;:5000,&quot;background_slideshow_slide_transition&quot;:&quot;fade&quot;,&quot;background_slideshow_transition_duration&quot;:500,&quot;background_slideshow_ken_burns_zoom_direction&quot;:&quot;in&quot;,&quot;_ha_eqh_enable&quot;:false}\">\n\t\t\t\t\t\t\t<div class=\"elementor-background-overlay\"><\/div>\n\t\t\t\t\t\t\t<div class=\"elementor-container elementor-column-gap-default\">\n\t\t\t\t\t<div class=\"elementor-column elementor-col-100 elementor-top-column elementor-element elementor-element-d1bd834\" data-id=\"d1bd834\" data-element_type=\"column\" data-e-type=\"column\">\n\t\t\t<div class=\"elementor-widget-wrap elementor-element-populated\">\n\t\t\t\t\t\t<div class=\"elementor-element elementor-element-20bbb47 elementor-invisible elementor-widget elementor-widget-heading\" data-id=\"20bbb47\" data-element_type=\"widget\" data-e-type=\"widget\" data-settings=\"{&quot;_animation&quot;:&quot;fadeIn&quot;,&quot;_animation_delay&quot;:200}\" data-widget_type=\"heading.default\">\n\t\t\t\t<div class=\"elementor-widget-container\">\n\t\t\t\t\t<h1 class=\"elementor-heading-title elementor-size-default\">Tren Maya Concreto Hidr\u00e1ulico<\/h1>\t\t\t\t<\/div>\n\t\t\t\t<\/div>\n\t\t\t\t<div class=\"elementor-element elementor-element-c36cb81 elementor-widget elementor-widget-text-editor\" data-id=\"c36cb81\" data-element_type=\"widget\" data-e-type=\"widget\" data-widget_type=\"text-editor.default\">\n\t\t\t\t<div class=\"elementor-widget-container\">\n\t\t\t\t\t\t\t\t\t<p style=\"color: white; font-size: 32px;\"><span class=\"TextRun SCXW253653604 BCX0\" lang=\"ES-MX\" xml:lang=\"ES-MX\" data-contrast=\"none\"><span class=\"NormalTextRun SCXW253653604 BCX0\">TRAMO 5, 6 y 7 del <\/span><\/span><span class=\"TextRun SCXW253653604 BCX0\" lang=\"ES-MX\" xml:lang=\"ES-MX\" data-contrast=\"none\"><span class=\"NormalTextRun SCXW253653604 BCX0\">TREN MAYA <\/span><\/span><span class=\"TextRun SCXW253653604 BCX0\" lang=\"ES-MX\" xml:lang=\"ES-MX\" data-contrast=\"auto\"><span class=\"NormalTextRun SCXW253653604 BCX0\">Estaciones Puerto Morelos a Esc\u00e1rcega<\/span><\/span><\/p>\t\t\t\t\t\t\t\t<\/div>\n\t\t\t\t<\/div>\n\t\t\t\t<div class=\"elementor-element elementor-element-b3ba85a elementor-align-right elementor-widget elementor-widget-button\" data-id=\"b3ba85a\" data-element_type=\"widget\" data-e-type=\"widget\" data-widget_type=\"button.default\">\n\t\t\t\t<div class=\"elementor-widget-container\">\n\t\t\t\t\t\t\t\t\t<div class=\"elementor-button-wrapper\">\n\t\t\t\t\t<a class=\"elementor-button elementor-button-link elementor-size-sm elementor-animation-grow\" href=\"https:\/\/antarespolimericos.com\/#proyectosZone\">\n\t\t\t\t\t\t<span class=\"elementor-button-content-wrapper\">\n\t\t\t\t\t\t<span class=\"elementor-button-icon\">\n\t\t\t\t<i aria-hidden=\"true\" class=\"fas fa-caret-left\"><\/i>\t\t\t<\/span>\n\t\t\t\t\t\t\t\t\t<span class=\"elementor-button-text\">Volver a proyectos<\/span>\n\t\t\t\t\t<\/span>\n\t\t\t\t\t<\/a>\n\t\t\t\t<\/div>\n\t\t\t\t\t\t\t\t<\/div>\n\t\t\t\t<\/div>\n\t\t\t\t\t<\/div>\n\t\t<\/div>\n\t\t\t\t\t<\/div>\n\t\t<\/section>\n\t\t\t\t<section class=\"elementor-section elementor-top-section elementor-element elementor-element-f8ff60b elementor-section-boxed elementor-section-height-default elementor-section-height-default\" data-id=\"f8ff60b\" data-element_type=\"section\" data-e-type=\"section\" data-settings=\"{&quot;background_background&quot;:&quot;classic&quot;,&quot;_ha_eqh_enable&quot;:false}\">\n\t\t\t\t\t\t<div class=\"elementor-container elementor-column-gap-default\">\n\t\t\t\t\t<div class=\"elementor-column elementor-col-100 elementor-top-column elementor-element elementor-element-7214981\" data-id=\"7214981\" data-element_type=\"column\" data-e-type=\"column\">\n\t\t\t<div class=\"elementor-widget-wrap elementor-element-populated\">\n\t\t\t\t\t\t<div class=\"elementor-element elementor-element-89df62d elementor-widget elementor-widget-text-editor\" data-id=\"89df62d\" data-element_type=\"widget\" data-e-type=\"widget\" data-widget_type=\"text-editor.default\">\n\t\t\t\t<div class=\"elementor-widget-container\">\n\t\t\t\t\t\t\t\t\t<p><strong>Variedad:<\/strong> <span class=\"NormalTextRun SCXW116034012 BCX0\">Registros en <\/span><span class=\"NormalTextRun SCXW116034012 BCX0\">C1oncreto Polim\u00e9rico y Concreto Hidr\u00e1ulico.\u00a0<\/span><\/p>\t\t\t\t\t\t\t\t<\/div>\n\t\t\t\t<\/div>\n\t\t\t\t<div class=\"elementor-element elementor-element-c8ae03a elementor-widget elementor-widget-text-editor\" data-id=\"c8ae03a\" data-element_type=\"widget\" data-e-type=\"widget\" data-widget_type=\"text-editor.default\">\n\t\t\t\t<div class=\"elementor-widget-container\">\n\t\t\t\t\t\t\t\t\t<p><strong>Cantidad:<\/strong> <span class=\"TextRun SCXW434406 BCX0\" lang=\"ES-MX\" xml:lang=\"ES-MX\" data-contrast=\"auto\"><span class=\"NormalTextRun SCXW434406 BCX0\">9<\/span><span class=\"NormalTextRun SCXW434406 BCX0\">,984 Registros<\/span><\/span><span class=\"EOP SCXW434406 BCX0\" data-ccp-props=\"{&quot;134233117&quot;:true,&quot;134233118&quot;:true,&quot;201341983&quot;:0,&quot;335559739&quot;:160,&quot;335559740&quot;:240}\">\u00a0<\/span><\/p>\t\t\t\t\t\t\t\t<\/div>\n\t\t\t\t<\/div>\n\t\t\t\t<div class=\"elementor-element elementor-element-bce0791 elementor-widget elementor-widget-text-editor\" data-id=\"bce0791\" data-element_type=\"widget\" data-e-type=\"widget\" data-widget_type=\"text-editor.default\">\n\t\t\t\t<div class=\"elementor-widget-container\">\n\t\t\t\t\t\t\t\t\t<p><strong>A\u00f1o:<\/strong> 2023-2024<\/p>\t\t\t\t\t\t\t\t<\/div>\n\t\t\t\t<\/div>\n\t\t\t\t<section class=\"elementor-section elementor-inner-section elementor-element elementor-element-e5e7d83 elementor-section-boxed elementor-section-height-default elementor-section-height-default\" data-id=\"e5e7d83\" data-element_type=\"section\" data-e-type=\"section\" data-settings=\"{&quot;_ha_eqh_enable&quot;:false}\">\n\t\t\t\t\t\t<div class=\"elementor-container elementor-column-gap-default\">\n\t\t\t\t\t<div class=\"elementor-column elementor-col-50 elementor-inner-column elementor-element elementor-element-8b5c79a\" data-id=\"8b5c79a\" data-element_type=\"column\" data-e-type=\"column\">\n\t\t\t<div class=\"elementor-widget-wrap elementor-element-populated\">\n\t\t\t\t\t\t<div class=\"elementor-element elementor-element-02c8add elementor-widget elementor-widget-image\" data-id=\"02c8add\" data-element_type=\"widget\" data-e-type=\"widget\" data-widget_type=\"image.default\">\n\t\t\t\t<div class=\"elementor-widget-container\">\n\t\t\t\t\t\t\t\t\t\t\t\t\t\t\t<img fetchpriority=\"high\" decoding=\"async\" width=\"800\" height=\"596\" src=\"https:\/\/antarespolimericos.com\/wp-content\/uploads\/5.png\" class=\"attachment-large size-large wp-image-3039\" alt=\"\" srcset=\"https:\/\/antarespolimericos.com\/wp-content\/uploads\/5.png 955w, https:\/\/antarespolimericos.com\/wp-content\/uploads\/5-300x224.png 300w, https:\/\/antarespolimericos.com\/wp-content\/uploads\/5-768x573.png 768w\" sizes=\"(max-width: 800px) 100vw, 800px\" \/>\t\t\t\t\t\t\t\t\t\t\t\t\t\t\t<\/div>\n\t\t\t\t<\/div>\n\t\t\t\t\t<\/div>\n\t\t<\/div>\n\t\t\t\t<div class=\"elementor-column elementor-col-50 elementor-inner-column elementor-element elementor-element-c829078\" data-id=\"c829078\" data-element_type=\"column\" data-e-type=\"column\">\n\t\t\t<div class=\"elementor-widget-wrap elementor-element-populated\">\n\t\t\t\t\t\t<div class=\"elementor-element elementor-element-88ca35c elementor-widget elementor-widget-image\" data-id=\"88ca35c\" data-element_type=\"widget\" data-e-type=\"widget\" data-widget_type=\"image.default\">\n\t\t\t\t<div class=\"elementor-widget-container\">\n\t\t\t\t\t\t\t\t\t\t\t\t\t\t\t<img decoding=\"async\" width=\"800\" height=\"598\" src=\"https:\/\/antarespolimericos.com\/wp-content\/uploads\/3.png\" class=\"attachment-large size-large wp-image-3037\" alt=\"\" srcset=\"https:\/\/antarespolimericos.com\/wp-content\/uploads\/3.png 945w, https:\/\/antarespolimericos.com\/wp-content\/uploads\/3-300x224.png 300w, https:\/\/antarespolimericos.com\/wp-content\/uploads\/3-768x574.png 768w\" sizes=\"(max-width: 800px) 100vw, 800px\" \/>\t\t\t\t\t\t\t\t\t\t\t\t\t\t\t<\/div>\n\t\t\t\t<\/div>\n\t\t\t\t\t<\/div>\n\t\t<\/div>\n\t\t\t\t\t<\/div>\n\t\t<\/section>\n\t\t\t\t<section class=\"elementor-section elementor-inner-section elementor-element elementor-element-a2ecaef elementor-section-boxed elementor-section-height-default elementor-section-height-default\" data-id=\"a2ecaef\" data-element_type=\"section\" data-e-type=\"section\" data-settings=\"{&quot;_ha_eqh_enable&quot;:false}\">\n\t\t\t\t\t\t<div class=\"elementor-container elementor-column-gap-default\">\n\t\t\t\t\t<div class=\"elementor-column elementor-col-50 elementor-inner-column elementor-element elementor-element-4ab1c3b\" data-id=\"4ab1c3b\" data-element_type=\"column\" data-e-type=\"column\">\n\t\t\t<div class=\"elementor-widget-wrap elementor-element-populated\">\n\t\t\t\t\t\t<div class=\"elementor-element elementor-element-d580547 elementor-widget elementor-widget-image\" data-id=\"d580547\" data-element_type=\"widget\" data-e-type=\"widget\" data-widget_type=\"image.default\">\n\t\t\t\t<div class=\"elementor-widget-container\">\n\t\t\t\t\t\t\t\t\t\t\t\t\t\t\t<img decoding=\"async\" width=\"768\" height=\"1024\" src=\"https:\/\/antarespolimericos.com\/wp-content\/uploads\/IMG_2393-768x1024.jpg\" class=\"attachment-large size-large wp-image-3099\" alt=\"\" srcset=\"https:\/\/antarespolimericos.com\/wp-content\/uploads\/IMG_2393-768x1024.jpg 768w, https:\/\/antarespolimericos.com\/wp-content\/uploads\/IMG_2393-225x300.jpg 225w, https:\/\/antarespolimericos.com\/wp-content\/uploads\/IMG_2393-1152x1536.jpg 1152w, https:\/\/antarespolimericos.com\/wp-content\/uploads\/IMG_2393-1536x2048.jpg 1536w, https:\/\/antarespolimericos.com\/wp-content\/uploads\/IMG_2393-scaled.jpg 1920w\" sizes=\"(max-width: 768px) 100vw, 768px\" \/>\t\t\t\t\t\t\t\t\t\t\t\t\t\t\t<\/div>\n\t\t\t\t<\/div>\n\t\t\t\t\t<\/div>\n\t\t<\/div>\n\t\t\t\t<div class=\"elementor-column elementor-col-50 elementor-inner-column elementor-element elementor-element-d0a4c89\" data-id=\"d0a4c89\" data-element_type=\"column\" data-e-type=\"column\">\n\t\t\t<div class=\"elementor-widget-wrap elementor-element-populated\">\n\t\t\t\t\t\t<div class=\"elementor-element elementor-element-ad054f7 elementor-widget elementor-widget-image\" data-id=\"ad054f7\" data-element_type=\"widget\" data-e-type=\"widget\" data-widget_type=\"image.default\">\n\t\t\t\t<div class=\"elementor-widget-container\">\n\t\t\t\t\t\t\t\t\t\t\t\t\t\t\t<img loading=\"lazy\" decoding=\"async\" width=\"768\" height=\"1024\" src=\"https:\/\/antarespolimericos.com\/wp-content\/uploads\/IMG_1024-768x1024.jpg\" class=\"attachment-large size-large wp-image-3109\" alt=\"\" srcset=\"https:\/\/antarespolimericos.com\/wp-content\/uploads\/IMG_1024-768x1024.jpg 768w, https:\/\/antarespolimericos.com\/wp-content\/uploads\/IMG_1024-225x300.jpg 225w, https:\/\/antarespolimericos.com\/wp-content\/uploads\/IMG_1024-1152x1536.jpg 1152w, https:\/\/antarespolimericos.com\/wp-content\/uploads\/IMG_1024-1536x2048.jpg 1536w, https:\/\/antarespolimericos.com\/wp-content\/uploads\/IMG_1024-scaled.jpg 1920w\" sizes=\"(max-width: 768px) 100vw, 768px\" \/>\t\t\t\t\t\t\t\t\t\t\t\t\t\t\t<\/div>\n\t\t\t\t<\/div>\n\t\t\t\t\t<\/div>\n\t\t<\/div>\n\t\t\t\t\t<\/div>\n\t\t<\/section>\n\t\t\t\t\t<\/div>\n\t\t<\/div>\n\t\t\t\t\t<\/div>\n\t\t<\/section>\n\t\t\t\t<\/div>\n\t\t","protected":false},"excerpt":{"rendered":"<p>TRAMO 5, 6 y 7 del TREN MAYA Estaciones Puerto Morelos a Esc\u00e1rcega Volver a proyectos Variedad: Registros en C1oncreto Polim\u00e9rico y Concreto Hidr\u00e1ulico.\u00a0 Cantidad: 9,984 Registros\u00a0 A\u00f1o: 2023-2024<\/p>","protected":false},"author":5,"featured_media":0,"parent":0,"menu_order":0,"comment_status":"closed","ping_status":"closed","template":"","meta":{"om_disable_all_campaigns":false,"_monsterinsights_skip_tracking":false,"_monsterinsights_sitenote_active":false,"_monsterinsights_sitenote_note":"","_monsterinsights_sitenote_category":0,"_uf_show_specific_survey":0,"_uf_disable_surveys":false,"footnotes":""},"class_list":["post-3066","page","type-page","status-publish","hentry"],"aioseo_notices":[],"_links":{"self":[{"href":"https:\/\/antarespolimericos.com\/en\/wp-json\/wp\/v2\/pages\/3066","targetHints":{"allow":["GET"]}}],"collection":[{"href":"https:\/\/antarespolimericos.com\/en\/wp-json\/wp\/v2\/pages"}],"about":[{"href":"https:\/\/antarespolimericos.com\/en\/wp-json\/wp\/v2\/types\/page"}],"author":[{"embeddable":true,"href":"https:\/\/antarespolimericos.com\/en\/wp-json\/wp\/v2\/users\/5"}],"replies":[{"embeddable":true,"href":"https:\/\/antarespolimericos.com\/en\/wp-json\/wp\/v2\/comments?post=3066"}],"version-history":[{"count":17,"href":"https:\/\/antarespolimericos.com\/en\/wp-json\/wp\/v2\/pages\/3066\/revisions"}],"predecessor-version":[{"id":3240,"href":"https:\/\/antarespolimericos.com\/en\/wp-json\/wp\/v2\/pages\/3066\/revisions\/3240"}],"wp:attachment":[{"href":"https:\/\/antarespolimericos.com\/en\/wp-json\/wp\/v2\/media?parent=3066"}],"curies":[{"name":"wp","href":"https:\/\/api.w.org\/{rel}","templated":true}]}}